{"id":872,"date":"2023-01-25T15:15:12","date_gmt":"2023-01-25T15:15:12","guid":{"rendered":"https:\/\/designedin.org\/resources\/"},"modified":"2024-03-07T17:43:04","modified_gmt":"2024-03-07T17:43:04","slug":"resources","status":"publish","type":"page","link":"https:\/\/designedin.org\/pt-pt\/resources\/","title":{"rendered":"Recursos"},"content":{"rendered":"\n<figure class=\"wp-block-embed is-type-rich is-provider-spotify wp-block-embed-spotify wp-embed-aspect-21-9 wp-has-aspect-ratio\"><div class=\"wp-block-embed__wrapper\">\n<iframe title=\"Spotify Embed: Co-creating with children in public space as design activism\" width=\"100%\" height=\"152\" frameborder=\"0\" allowfullscreen allow=\"autoplay; clipboard-write; encrypted-media; fullscreen; picture-in-picture\" loading=\"lazy\" src=\"https:\/\/open.spotify.com\/embed\/episode\/2JpYUq0iFGmjtTOiBxzMVa?si=4qsYIjweQeGTrllXEkm58w&#038;nd=1&#038;utm_source=oembed\"><\/iframe>\n<\/div><\/figure>\n\n\n\n<div class=\"wp-block-columns is-layout-flex wp-container-core-columns-is-layout-9d6595d7 wp-block-columns-is-layout-flex\">\n<div class=\"wp-block-column is-layout-flow wp-block-column-is-layout-flow\">\n<figure class=\"wp-block-image size-large is-resized\"><img loading=\"lazy\" decoding=\"async\" width=\"701\" height=\"1024\" src=\"https:\/\/designedin.org\/wp-content\/uploads\/2024\/03\/00000262000001000006-701x1024.jpg\" alt=\"\" class=\"wp-image-2337\" srcset=\"https:\/\/designedin.org\/wp-content\/uploads\/2024\/03\/00000262000001000006-701x1024.jpg 701w, https:\/\/designedin.org\/wp-content\/uploads\/2024\/03\/00000262000001000006-205x300.jpg 205w, https:\/\/designedin.org\/wp-content\/uploads\/2024\/03\/00000262000001000006-768x1121.jpg 768w, https:\/\/designedin.org\/wp-content\/uploads\/2024\/03\/00000262000001000006-1052x1536.jpg 1052w, https:\/\/designedin.org\/wp-content\/uploads\/2024\/03\/00000262000001000006-1403x2048.jpg 1403w, https:\/\/designedin.org\/wp-content\/uploads\/2024\/03\/00000262000001000006-137x200.jpg 137w, https:\/\/designedin.org\/wp-content\/uploads\/2024\/03\/00000262000001000006-600x876.jpg 600w, https:\/\/designedin.org\/wp-content\/uploads\/2024\/03\/00000262000001000006-scaled.jpg 1753w\" sizes=\"auto, (max-width: 701px) 100vw, 701px\" \/><\/figure>\n\n\n\n<p>Campanha da UNICEF da Declara\u00e7\u00e3o Universal dos Direitos da Crian\u00e7a ilustrada pelo Quino, com a Mafalda, em 1977, <a href=\"http:\/\/archivomuseodelamemoria.cl\/index.php\/102226;isad?sf_culture=en\" target=\"_blank\" rel=\"noreferrer noopener\">arquivo do museu da mem\u00f3ria do Chile<\/a>.  <\/p>\n\n\n\n<figure class=\"wp-block-image size-large\"><img loading=\"lazy\" decoding=\"async\" width=\"725\" height=\"1024\" src=\"https:\/\/designedin.org\/wp-content\/uploads\/2024\/02\/Screenshot-2024-02-07-at-15.12.44-725x1024.png\" alt=\"\" class=\"wp-image-2075\" srcset=\"https:\/\/designedin.org\/wp-content\/uploads\/2024\/02\/Screenshot-2024-02-07-at-15.12.44-725x1024.png 725w, https:\/\/designedin.org\/wp-content\/uploads\/2024\/02\/Screenshot-2024-02-07-at-15.12.44-212x300.png 212w, https:\/\/designedin.org\/wp-content\/uploads\/2024\/02\/Screenshot-2024-02-07-at-15.12.44-768x1084.png 768w, https:\/\/designedin.org\/wp-content\/uploads\/2024\/02\/Screenshot-2024-02-07-at-15.12.44-1088x1536.png 1088w, https:\/\/designedin.org\/wp-content\/uploads\/2024\/02\/Screenshot-2024-02-07-at-15.12.44-1451x2048.png 1451w, https:\/\/designedin.org\/wp-content\/uploads\/2024\/02\/Screenshot-2024-02-07-at-15.12.44-142x200.png 142w, https:\/\/designedin.org\/wp-content\/uploads\/2024\/02\/Screenshot-2024-02-07-at-15.12.44-600x847.png 600w, https:\/\/designedin.org\/wp-content\/uploads\/2024\/02\/Screenshot-2024-02-07-at-15.12.44.png 1622w\" sizes=\"auto, (max-width: 725px) 100vw, 725px\" \/><\/figure>\n\n\n\n<p>Guia do Centro Internet Segura. Download <a href=\"https:\/\/www.internetsegura.pt\/sites\/default\/files\/2021-10\/eBook%20Pais%20e%20Educadores.pdf\" target=\"_blank\" rel=\"noreferrer noopener\">here<\/a><mark class=\"has-inline-color\"> .<\/mark>\u00a0<\/p>\n<\/div>\n\n\n\n<div class=\"wp-block-column is-layout-flow wp-block-column-is-layout-flow\">\n<figure class=\"wp-block-image size-large\"><img loading=\"lazy\" decoding=\"async\" width=\"723\" height=\"1024\" src=\"https:\/\/designedin.org\/wp-content\/uploads\/2024\/02\/Screenshot-2024-02-07-at-15.08.25-723x1024.png\" alt=\"\" class=\"wp-image-2073\" srcset=\"https:\/\/designedin.org\/wp-content\/uploads\/2024\/02\/Screenshot-2024-02-07-at-15.08.25-723x1024.png 723w, https:\/\/designedin.org\/wp-content\/uploads\/2024\/02\/Screenshot-2024-02-07-at-15.08.25-212x300.png 212w, https:\/\/designedin.org\/wp-content\/uploads\/2024\/02\/Screenshot-2024-02-07-at-15.08.25-768x1087.png 768w, https:\/\/designedin.org\/wp-content\/uploads\/2024\/02\/Screenshot-2024-02-07-at-15.08.25-1085x1536.png 1085w, https:\/\/designedin.org\/wp-content\/uploads\/2024\/02\/Screenshot-2024-02-07-at-15.08.25-141x200.png 141w, https:\/\/designedin.org\/wp-content\/uploads\/2024\/02\/Screenshot-2024-02-07-at-15.08.25-600x849.png 600w, https:\/\/designedin.org\/wp-content\/uploads\/2024\/02\/Screenshot-2024-02-07-at-15.08.25.png 1150w\" sizes=\"auto, (max-width: 723px) 100vw, 723px\" \/><\/figure>\n\n\n\n<p>Vers\u00e3o para crian\u00e7as da estrat\u00e9gia europeia para uma Internet melhor para as crian\u00e7as (BIK+). Download <a href=\"https:\/\/www.cnpdpcj.gov.pt\/documents\/10182\/20805\/Estrat\u00e9gia+Europeia+para+uma+Internet+Melhor+para+Crian\u00e7as\/08e2d288-c217-4707-8e03-8a1b0356bcdf\">aqui<\/a>. <\/p>\n\n\n\n<figure class=\"wp-block-image size-large\"><img loading=\"lazy\" decoding=\"async\" width=\"723\" height=\"1024\" src=\"https:\/\/designedin.org\/wp-content\/uploads\/2024\/02\/Screenshot-2024-02-07-at-15.17.27-723x1024.png\" alt=\"\" class=\"wp-image-2078\" srcset=\"https:\/\/designedin.org\/wp-content\/uploads\/2024\/02\/Screenshot-2024-02-07-at-15.17.27-723x1024.png 723w, https:\/\/designedin.org\/wp-content\/uploads\/2024\/02\/Screenshot-2024-02-07-at-15.17.27-212x300.png 212w, https:\/\/designedin.org\/wp-content\/uploads\/2024\/02\/Screenshot-2024-02-07-at-15.17.27-768x1087.png 768w, https:\/\/designedin.org\/wp-content\/uploads\/2024\/02\/Screenshot-2024-02-07-at-15.17.27-1085x1536.png 1085w, https:\/\/designedin.org\/wp-content\/uploads\/2024\/02\/Screenshot-2024-02-07-at-15.17.27-1446x2048.png 1446w, https:\/\/designedin.org\/wp-content\/uploads\/2024\/02\/Screenshot-2024-02-07-at-15.17.27-141x200.png 141w, https:\/\/designedin.org\/wp-content\/uploads\/2024\/02\/Screenshot-2024-02-07-at-15.17.27-600x850.png 600w, https:\/\/designedin.org\/wp-content\/uploads\/2024\/02\/Screenshot-2024-02-07-at-15.17.27.png 1558w\" sizes=\"auto, (max-width: 723px) 100vw, 723px\" \/><\/figure>\n\n\n\n<p>A D4CR desenvolveu o<em> Guia do Design Para os Direitos das Crian\u00e7as<\/em> traduz por palavras novos standards e diretrizes para orientar tanto o design quanto os neg\u00f3cios para o desenvolvimento de produtos e servi\u00e7os com o enfoque na \u00e9tica e nos direitos das crian\u00e7as. Download <a href=\"https:\/\/designedin.org\/wp-content\/uploads\/2024\/02\/d4cr_guia_dos_principios_do_design_a4.pdf\">aqui<\/a><\/p>\n<\/div>\n<\/div>\n","protected":false},"excerpt":{"rendered":"<p>Campanha da UNICEF da Declara\u00e7\u00e3o Universal dos Direitos da Crian\u00e7a ilustrada pelo Quino, com a Mafalda, em 1977, arquivo do museu da mem\u00f3ria do Chile. Guia do Centro Internet Segura. Download here .\u00a0 Vers\u00e3o para crian\u00e7as da estrat\u00e9gia europeia para uma Internet melhor para as crian\u00e7as (BIK+). Download aqui. A D4CR desenvolveu o Guia do Design Para os Direitos das Crian\u00e7as traduz por palavras novos standards e diretrizes para orientar tanto o design quanto os neg\u00f3cios para o desenvolvimento de produtos e servi\u00e7os com o enfoque na \u00e9tica e nos direitos das crian\u00e7as. Download aqui<\/p>\n","protected":false},"author":1,"featured_media":0,"parent":0,"menu_order":0,"comment_status":"closed","ping_status":"closed","template":"","meta":{"_acf_changed":false,"footnotes":""},"class_list":["post-872","page","type-page","status-publish","hentry"],"acf":[],"yoast_head":"<!-- This site is optimized with the Yoast SEO plugin v22.7 - https:\/\/yoast.com\/wordpress\/plugins\/seo\/ -->\n<title>Recursos - DesignedIn<\/title>\n<meta name=\"robots\" content=\"index, follow, max-snippet:-1, max-image-preview:large, max-video-preview:-1\" \/>\n<link rel=\"canonical\" href=\"https:\/\/designedin.org\/pt-pt\/resources\/\" \/>\n<meta property=\"og:locale\" content=\"pt_PT\" \/>\n<meta property=\"og:type\" content=\"article\" \/>\n<meta property=\"og:title\" content=\"Recursos - DesignedIn\" \/>\n<meta property=\"og:description\" content=\"Campanha da UNICEF da Declara\u00e7\u00e3o Universal dos Direitos da Crian\u00e7a ilustrada pelo Quino, com a Mafalda, em 1977, arquivo do museu da mem\u00f3ria do Chile. Guia do Centro Internet Segura. Download here .\u00a0 Vers\u00e3o para crian\u00e7as da estrat\u00e9gia europeia para uma Internet melhor para as crian\u00e7as (BIK+). Download aqui. A D4CR desenvolveu o Guia do Design Para os Direitos das Crian\u00e7as traduz por palavras novos standards e diretrizes para orientar tanto o design quanto os neg\u00f3cios para o desenvolvimento de produtos e servi\u00e7os com o enfoque na \u00e9tica e nos direitos das crian\u00e7as. Download aqui\" \/>\n<meta property=\"og:url\" content=\"https:\/\/designedin.org\/pt-pt\/resources\/\" \/>\n<meta property=\"og:site_name\" content=\"DesignedIn\" \/>\n<meta property=\"article:publisher\" content=\"https:\/\/www.facebook.com\/designedinblog\" \/>\n<meta property=\"article:modified_time\" content=\"2024-03-07T17:43:04+00:00\" \/>\n<meta property=\"og:image\" content=\"https:\/\/designedin.org\/wp-content\/uploads\/2024\/03\/00000262000001000006-701x1024.jpg\" \/>\n<meta name=\"twitter:card\" content=\"summary_large_image\" \/>\n<meta name=\"twitter:site\" content=\"@designedinblog\" \/>\n<meta name=\"twitter:label1\" content=\"Tempo estimado de leitura\" \/>\n\t<meta name=\"twitter:data1\" content=\"2 minutos\" \/>\n<script type=\"application\/ld+json\" class=\"yoast-schema-graph\">{\"@context\":\"https:\/\/schema.org\",\"@graph\":[{\"@type\":\"WebPage\",\"@id\":\"https:\/\/designedin.org\/pt-pt\/resources\/\",\"url\":\"https:\/\/designedin.org\/pt-pt\/resources\/\",\"name\":\"Recursos - DesignedIn\",\"isPartOf\":{\"@id\":\"https:\/\/designedin.org\/#website\"},\"primaryImageOfPage\":{\"@id\":\"https:\/\/designedin.org\/pt-pt\/resources\/#primaryimage\"},\"image\":{\"@id\":\"https:\/\/designedin.org\/pt-pt\/resources\/#primaryimage\"},\"thumbnailUrl\":\"https:\/\/designedin.org\/wp-content\/uploads\/2024\/03\/00000262000001000006-701x1024.jpg\",\"datePublished\":\"2023-01-25T15:15:12+00:00\",\"dateModified\":\"2024-03-07T17:43:04+00:00\",\"breadcrumb\":{\"@id\":\"https:\/\/designedin.org\/pt-pt\/resources\/#breadcrumb\"},\"inLanguage\":\"pt-PT\",\"potentialAction\":[{\"@type\":\"ReadAction\",\"target\":[\"https:\/\/designedin.org\/pt-pt\/resources\/\"]}]},{\"@type\":\"ImageObject\",\"inLanguage\":\"pt-PT\",\"@id\":\"https:\/\/designedin.org\/pt-pt\/resources\/#primaryimage\",\"url\":\"https:\/\/designedin.org\/wp-content\/uploads\/2024\/03\/00000262000001000006-701x1024.jpg\",\"contentUrl\":\"https:\/\/designedin.org\/wp-content\/uploads\/2024\/03\/00000262000001000006-701x1024.jpg\"},{\"@type\":\"BreadcrumbList\",\"@id\":\"https:\/\/designedin.org\/pt-pt\/resources\/#breadcrumb\",\"itemListElement\":[{\"@type\":\"ListItem\",\"position\":1,\"name\":\"Home\",\"item\":\"https:\/\/designedin.org\/pt-pt\/\"},{\"@type\":\"ListItem\",\"position\":2,\"name\":\"Recursos\"}]},{\"@type\":\"WebSite\",\"@id\":\"https:\/\/designedin.org\/#website\",\"url\":\"https:\/\/designedin.org\/\",\"name\":\"DesignedIn\",\"description\":\"Including Children by Design\",\"publisher\":{\"@id\":\"https:\/\/designedin.org\/#organization\"},\"potentialAction\":[{\"@type\":\"SearchAction\",\"target\":{\"@type\":\"EntryPoint\",\"urlTemplate\":\"https:\/\/designedin.org\/?s={search_term_string}\"},\"query-input\":\"required name=search_term_string\"}],\"inLanguage\":\"pt-PT\"},{\"@type\":\"Organization\",\"@id\":\"https:\/\/designedin.org\/#organization\",\"name\":\"Designed In\",\"url\":\"https:\/\/designedin.org\/\",\"logo\":{\"@type\":\"ImageObject\",\"inLanguage\":\"pt-PT\",\"@id\":\"https:\/\/designedin.org\/#\/schema\/logo\/image\/\",\"url\":\"https:\/\/designedin.org\/wp-content\/uploads\/2023\/08\/WP_logo-square.png\",\"contentUrl\":\"https:\/\/designedin.org\/wp-content\/uploads\/2023\/08\/WP_logo-square.png\",\"width\":1200,\"height\":1200,\"caption\":\"Designed In\"},\"image\":{\"@id\":\"https:\/\/designedin.org\/#\/schema\/logo\/image\/\"},\"sameAs\":[\"https:\/\/www.facebook.com\/designedinblog\",\"https:\/\/x.com\/designedinblog\",\"https:\/\/www.instagram.com\/designedin.blog\/\"]}]}<\/script>\n<!-- \/ Yoast SEO plugin. -->","yoast_head_json":{"title":"Recursos - DesignedIn","robots":{"index":"index","follow":"follow","max-snippet":"max-snippet:-1","max-image-preview":"max-image-preview:large","max-video-preview":"max-video-preview:-1"},"canonical":"https:\/\/designedin.org\/pt-pt\/resources\/","og_locale":"pt_PT","og_type":"article","og_title":"Recursos - DesignedIn","og_description":"Campanha da UNICEF da Declara\u00e7\u00e3o Universal dos Direitos da Crian\u00e7a ilustrada pelo Quino, com a Mafalda, em 1977, arquivo do museu da mem\u00f3ria do Chile. Guia do Centro Internet Segura. Download here .\u00a0 Vers\u00e3o para crian\u00e7as da estrat\u00e9gia europeia para uma Internet melhor para as crian\u00e7as (BIK+). Download aqui. A D4CR desenvolveu o Guia do Design Para os Direitos das Crian\u00e7as traduz por palavras novos standards e diretrizes para orientar tanto o design quanto os neg\u00f3cios para o desenvolvimento de produtos e servi\u00e7os com o enfoque na \u00e9tica e nos direitos das crian\u00e7as. Download aqui","og_url":"https:\/\/designedin.org\/pt-pt\/resources\/","og_site_name":"DesignedIn","article_publisher":"https:\/\/www.facebook.com\/designedinblog","article_modified_time":"2024-03-07T17:43:04+00:00","og_image":[{"url":"https:\/\/designedin.org\/wp-content\/uploads\/2024\/03\/00000262000001000006-701x1024.jpg"}],"twitter_card":"summary_large_image","twitter_site":"@designedinblog","twitter_misc":{"Tempo estimado de leitura":"2 minutos"},"schema":{"@context":"https:\/\/schema.org","@graph":[{"@type":"WebPage","@id":"https:\/\/designedin.org\/pt-pt\/resources\/","url":"https:\/\/designedin.org\/pt-pt\/resources\/","name":"Recursos - DesignedIn","isPartOf":{"@id":"https:\/\/designedin.org\/#website"},"primaryImageOfPage":{"@id":"https:\/\/designedin.org\/pt-pt\/resources\/#primaryimage"},"image":{"@id":"https:\/\/designedin.org\/pt-pt\/resources\/#primaryimage"},"thumbnailUrl":"https:\/\/designedin.org\/wp-content\/uploads\/2024\/03\/00000262000001000006-701x1024.jpg","datePublished":"2023-01-25T15:15:12+00:00","dateModified":"2024-03-07T17:43:04+00:00","breadcrumb":{"@id":"https:\/\/designedin.org\/pt-pt\/resources\/#breadcrumb"},"inLanguage":"pt-PT","potentialAction":[{"@type":"ReadAction","target":["https:\/\/designedin.org\/pt-pt\/resources\/"]}]},{"@type":"ImageObject","inLanguage":"pt-PT","@id":"https:\/\/designedin.org\/pt-pt\/resources\/#primaryimage","url":"https:\/\/designedin.org\/wp-content\/uploads\/2024\/03\/00000262000001000006-701x1024.jpg","contentUrl":"https:\/\/designedin.org\/wp-content\/uploads\/2024\/03\/00000262000001000006-701x1024.jpg"},{"@type":"BreadcrumbList","@id":"https:\/\/designedin.org\/pt-pt\/resources\/#breadcrumb","itemListElement":[{"@type":"ListItem","position":1,"name":"Home","item":"https:\/\/designedin.org\/pt-pt\/"},{"@type":"ListItem","position":2,"name":"Recursos"}]},{"@type":"WebSite","@id":"https:\/\/designedin.org\/#website","url":"https:\/\/designedin.org\/","name":"DesignedIn","description":"Including Children by Design","publisher":{"@id":"https:\/\/designedin.org\/#organization"},"potentialAction":[{"@type":"SearchAction","target":{"@type":"EntryPoint","urlTemplate":"https:\/\/designedin.org\/?s={search_term_string}"},"query-input":"required name=search_term_string"}],"inLanguage":"pt-PT"},{"@type":"Organization","@id":"https:\/\/designedin.org\/#organization","name":"Designed In","url":"https:\/\/designedin.org\/","logo":{"@type":"ImageObject","inLanguage":"pt-PT","@id":"https:\/\/designedin.org\/#\/schema\/logo\/image\/","url":"https:\/\/designedin.org\/wp-content\/uploads\/2023\/08\/WP_logo-square.png","contentUrl":"https:\/\/designedin.org\/wp-content\/uploads\/2023\/08\/WP_logo-square.png","width":1200,"height":1200,"caption":"Designed In"},"image":{"@id":"https:\/\/designedin.org\/#\/schema\/logo\/image\/"},"sameAs":["https:\/\/www.facebook.com\/designedinblog","https:\/\/x.com\/designedinblog","https:\/\/www.instagram.com\/designedin.blog\/"]}]}},"jetpack_sharing_enabled":true,"_links":{"self":[{"href":"https:\/\/designedin.org\/pt-pt\/wp-json\/wp\/v2\/pages\/872","targetHints":{"allow":["GET"]}}],"collection":[{"href":"https:\/\/designedin.org\/pt-pt\/wp-json\/wp\/v2\/pages"}],"about":[{"href":"https:\/\/designedin.org\/pt-pt\/wp-json\/wp\/v2\/types\/page"}],"author":[{"embeddable":true,"href":"https:\/\/designedin.org\/pt-pt\/wp-json\/wp\/v2\/users\/1"}],"replies":[{"embeddable":true,"href":"https:\/\/designedin.org\/pt-pt\/wp-json\/wp\/v2\/comments?post=872"}],"version-history":[{"count":49,"href":"https:\/\/designedin.org\/pt-pt\/wp-json\/wp\/v2\/pages\/872\/revisions"}],"predecessor-version":[{"id":2504,"href":"https:\/\/designedin.org\/pt-pt\/wp-json\/wp\/v2\/pages\/872\/revisions\/2504"}],"wp:attachment":[{"href":"https:\/\/designedin.org\/pt-pt\/wp-json\/wp\/v2\/media?parent=872"}],"curies":[{"name":"wp","href":"https:\/\/api.w.org\/{rel}","templated":true}]}}